{"id":2675,"date":"2020-04-16T15:21:19","date_gmt":"2020-04-16T13:21:19","guid":{"rendered":"https:\/\/batarus.com.pl\/polityka-prywatnosci\/"},"modified":"2020-05-12T15:09:11","modified_gmt":"2020-05-12T13:09:11","slug":"privacy-policy","status":"publish","type":"page","link":"https:\/\/batarus.com.pl\/en\/privacy-policy\/","title":{"rendered":"Privacy Policy"},"content":{"rendered":"\r\n<p><strong>\u00a7.1 Postanowienia Og\u00f3lne<\/strong><\/p>\r\n<ol>\r\n\t<li>Administratorem danych jest BATARUS Sp. z o.o. z siedzib\u0105 pod adresem: ul. Wierzbi\u0119cice 44A\/42B, 61-568 Pozna\u0144, NIP PL 7831751959. Ochrona danych odbywa si\u0119 zgodnie z wymogami powszechnie obowi\u0105zuj\u0105cych przepis\u00f3w prawa, a ich przechowywanie ma miejsce na zabezpieczonych serwerach.<\/li>\r\n\t<li>Na potrzeby lepszego odbioru Polityki Prywatno\u015bci termin \u201eU\u017cytkownik\u201d zast\u0105piony zosta\u0142 okre\u015bleniem \u201eTy\u201d, \u00a0\u201eAdministrator\u201d \u2013 \u201eMy\u201d. Termin \u201eRODO\u201d oznacza Rozporz\u0105dzenie Parlamentu Europejskiego i Rady (UE) 2016\/679 z dnia 27 kwietnia 2016 r. w sprawie ochrony os\u00f3b fizycznych w zwi\u0105zku z przetwarzaniem danych osobowych i w sprawie swobodnego przep\u0142ywu takich danych oraz uchylenia dyrektywy 95\/46\/WE.<\/li>\r\n\t<li>Szanujemy prawo do prywatno\u015bci i dbamy o bezpiecze\u0144stwo danych. W tym celu u\u017cywany jest m.in. bezpieczny protok\u00f3\u0142 szyfrowania komunikacji (SSL).<\/li>\r\n\t<li>Dane osobowe podawane w formularzu na stronie www.batarus.com.pl s\u0105 traktowane jako poufne i nie s\u0105 widoczne dla os\u00f3b nieuprawnionych.<\/li>\r\n<\/ol>\r\n<p><strong>\u00a72. Administrator Danych<\/strong><\/p>\r\n<ol>\r\n\t<li>Us\u0142ugodawca jest administratorem danych swoich klient\u00f3w. Oznacza to, \u017ce je\u015bli skontaktujesz si\u0119 z nami w dowolny spos\u00f3b to b\u0119dziemy przetwarza\u0107 Twoje dane: imi\u0119, nazwisko, adres e-mail, numer telefonu, stanowisko, miejsce pracy.<\/li>\r\n\t<li>Dane osobowe przetwarzane s\u0105:\r\n\r\n<ol>\r\n\t<li>zgodnie z przepisami dotycz\u0105cymi ochrony danych osobowych,<\/li>\r\n\t<li>zgodnie z wdro\u017con\u0105 Polityk\u0105 Prywatno\u015bci,<\/li>\r\n\t<li>w zakresie i celu niezb\u0119dnym do nawi\u0105zania, ukszta\u0142towania tre\u015bci Umowy, zmiany b\u0105d\u017a jej rozwi\u0105zania oraz prawid\u0142owej realizacji Us\u0142ug \u015bwiadczonych drog\u0105 elektroniczn\u0105,<\/li>\r\n\t<li>w zakresie i celu niezb\u0119dnym do wype\u0142nienia uzasadnionych interes\u00f3w (prawnie usprawiedliwionych cel\u00f3w), a przetwarzanie nie narusza praw i wolno\u015bci osoby, kt\u00f3rej dane dotycz\u0105:\r\n\r\n<ol>\r\n\t<li>w zakresie i celu zgodnym z wyra\u017con\u0105 przez Ciebie zgod\u0105\u00a0je\u017celi skontaktowa\u0142e\u015b si\u0119 z nami poprzez dowolny formularz kontaktowy.<\/li>\r\n<\/ol>\r\n<\/li>\r\n<\/ol>\r\n<\/li>\r\n\t<li>Ka\u017cda osoba, kt\u00f3rej dane dotycz\u0105 (je\u017celi jeste\u015bmy ich administratorem) ma prawo dost\u0119pu do danych, sprostowania, usuni\u0119cia lub ograniczenia przetwarzania, prawo sprzeciwu, prawo wniesienia skargi do organu nadzorczego.<\/li>\r\n\t<li>Kontakt z osob\u0105 nadzoruj\u0105c\u0105 przetwarzanie danych osobowych w organizacji Us\u0142ugodawcy jest mo\u017cliwy drog\u0105 elektroniczn\u0105 pod adresem e-mail: biuro@batarus.com.pl<\/li>\r\n\t<li>Zastrzegamy sobie prawo do przetwarzania Twoich danych po rozwi\u0105zaniu Umowy lub cofni\u0119ciu zgody tylko w zakresie na potrzeby dochodzenia ewentualnych roszcze\u0144 przed s\u0105dem lub je\u017celi przepisy krajowe albo unijne b\u0105d\u017a\u00a0prawa mi\u0119dzynarodowego obliguj\u0105 nas do retencji danych.<\/li>\r\n\t<li>Us\u0142ugodawca ma prawo udost\u0119pnia\u0107 dane osobowe U\u017cytkownika oraz innych jego danych podmiotom upowa\u017cnionym na podstawie w\u0142a\u015bciwych przepis\u00f3w prawa (np. organom \u015bcigania).<\/li>\r\n\t<li>Usuni\u0119cie danych osobowych mo\u017ce nast\u0105pi\u0107 na skutek cofni\u0119cia zgody b\u0105d\u017a wniesienia prawnie dopuszczalnego sprzeciwu na przetwarzanie danych osobowych.<\/li>\r\n\t<li>Us\u0142ugodawca nie udost\u0119pniania danych osobowych innym podmiotom ani\u017celi upowa\u017cnionym na podstawie w\u0142a\u015bciwych przepis\u00f3w prawa.<\/li>\r\n\t<li>Wdro\u017cyli\u015bmy pseudonimizacj\u0119, szyfrowanie danych oraz mamy wprowadzon\u0105 kontrol\u0119\u00a0dost\u0119pu dzi\u0119ki czemu minimalizujemy skutki ewentualnego naruszenia bezpiecze\u0144stwa danych.<\/li>\r\n\t<li>Dane osobowe przetwarzaj\u0105 osoby wy\u0142\u0105cznie upowa\u017cnione przez nas albo przetwarzaj\u0105cy, z kt\u00f3rymi \u015bci\u015ble wsp\u00f3\u0142pracujemy.<\/li>\r\n<\/ol>\r\n<p><strong>\u00a73. Pliki cookies<\/strong><\/p>\r\n<ol>\r\n\t<li>Witryna\u00a0<strong>www.batarus.com.pl<\/strong>\u00a0u\u017cywa cookies. S\u0105 to niewielkie pliki tekstowe wysy\u0142ane przez serwer www i przechowywane przez oprogramowanie komputera przegl\u0105darki. Kiedy przegl\u0105darka ponownie po\u0142\u0105czy si\u0119 ze stron\u0105, witryna rozpoznaje rodzaj urz\u0105dzenia, z kt\u00f3rego \u0142\u0105czy si\u0119 u\u017cytkownik. Parametry pozwalaj\u0105 na odczytanie informacji w nich zawartych jedynie serwerowi, kt\u00f3ry je utworzy\u0142. Cookies u\u0142atwiaj\u0105 wi\u0119c korzystanie z wcze\u015bniej odwiedzonych witryn.<\/li>\r\n\t<li>Gromadzone informacje dotycz\u0105 adresu IP, typu wykorzystywanej przegl\u0105darki, j\u0119zyka, rodzaju systemu operacyjnego, dostawcy us\u0142ug internetowych, informacji o czasie i dacie, lokalizacji oraz informacji przesy\u0142anych do witryny za po\u015brednictwem formularza kontaktowego.<\/li>\r\n\t<li>Zebrane dane s\u0142u\u017c\u0105 do monitorowania i sprawdzenia, w jaki spos\u00f3b u\u017cytkownicy korzystaj\u0105 z naszych witryn, aby usprawnia\u0107 funkcjonowanie serwisu zapewniaj\u0105c bardziej efektywn\u0105 i bezproblemow\u0105 nawigacj\u0119. Monitorowania informacji o u\u017cytkownikach dokonujemy korzystaj\u0105c z narz\u0119dzia Google Analitics, kt\u00f3re rejestruje zachowanie u\u017cytkownika na stronie.<\/li>\r\n\t<li>Na naszej witrynie wykorzystujemy nast\u0119puj\u0105ce pliki cookies:\r\n\r\n<ol>\r\n\t<li>\u201eniezb\u0119dne\u201d pliki cookies, umo\u017cliwiaj\u0105ce korzystanie z us\u0142ug dost\u0119pnych w ramach serwisu, np. uwierzytelniaj\u0105ce pliki cookies wykorzystywane do us\u0142ug wymagaj\u0105cych uwierzytelniania w ramach serwisu;<\/li>\r\n\t<li>pliki cookies s\u0142u\u017c\u0105ce do zapewnienia bezpiecze\u0144stwa, np. wykorzystywane do wykrywania nadu\u017cy\u0107 w zakresie uwierzytelniania w ramach serwisu;<\/li>\r\n\t<li>\u201ewydajno\u015bciowe\u201d pliki cookies, umo\u017cliwiaj\u0105ce zbieranie informacji o sposobie korzystania ze stron internetowych serwisu;<\/li>\r\n\t<li>\u201efunkcjonalne\u201d pliki cookies, umo\u017cliwiaj\u0105ce \u201ezapami\u0119tanie\u201d wybranych przez u\u017cytkownika ustawie\u0144 i personalizacj\u0119 interfejsu u\u017cytkownika, np. w zakresie wybranego j\u0119zyka lub regionu, z kt\u00f3rego pochodzi u\u017cytkownik, rozmiaru czcionki, wygl\u0105du strony internetowej itp.;<\/li>\r\n\t<li>U\u017cytkownik w ka\u017cdej chwili ma mo\u017cliwo\u015b\u0107 wy\u0142\u0105czenia lub przywr\u00f3cenia opcji gromadzenia cookies poprzez zmian\u0119 ustawie\u0144 w przegl\u0105darce internetowej. Instrukcja zarz\u0105dzania plikami cookies jest dost\u0119pna na stronie\u00a0<strong><a class=\"vglnk\" href=\"http:\/\/www.allaboutcookies.org\/manage-cookies\" rel=\"nofollow\">http:\/\/www.allaboutcookies.org\/manage-cookies<\/a><\/strong><\/li>\r\n<\/ol>\r\n<\/li>\r\n<\/ol>\r\n<p>Dodatkowe dane osobowe, jak adres e-mail, zbierane s\u0105 jedynie w miejscach, w kt\u00f3rych u\u017cytkownik wype\u0142niaj\u0105c formularz wyra\u017anie wyrazi\u0142 na to zgod\u0119. Powy\u017csze dane zachowujemy i wykorzystujemy tylko do potrzeb niezb\u0119dnych do wykonania danej funkcji.<\/p>\r\n","protected":false},"excerpt":{"rendered":"<p>\u00a7.1 Postanowienia Og\u00f3lne Administratorem danych jest BATARUS Sp. z o.o. z siedzib\u0105 pod adresem: ul. Wierzbi\u0119cice 44A\/42B, 61-568 Pozna\u0144, NIP PL 7831751959. Ochrona danych odbywa si\u0119 zgodnie z wymogami powszechnie obowi\u0105zuj\u0105cych przepis\u00f3w prawa, a ich przechowywanie ma miejsce na zabezpieczonych serwerach. Na potrzeby lepszego odbioru Polityki Prywatno\u015bci termin \u201eU\u017cytkownik\u201d zast\u0105piony zosta\u0142 okre\u015bleniem \u201eTy\u201d, \u00a0\u201eAdministrator\u201d \u2013 [&hellip;]<\/p>\n","protected":false},"author":1,"featured_media":0,"parent":0,"menu_order":0,"comment_status":"closed","ping_status":"open","template":"","meta":{"footnotes":""},"class_list":["post-2675","page","type-page","status-publish","hentry"],"yoast_head":"<!-- This site is optimized with the Yoast SEO plugin v24.6 - https:\/\/yoast.com\/wordpress\/plugins\/seo\/ -->\n<title>Privacy Policy - BATARUS - repair and maintenance of concrete and asphalt surfaces<\/title>\n<meta name=\"robots\" content=\"index, follow, max-snippet:-1, max-image-preview:large, max-video-preview:-1\" \/>\n<link rel=\"canonical\" href=\"https:\/\/batarus.com.pl\/en\/privacy-policy\/\" \/>\n<meta property=\"og:locale\" content=\"en_US\" \/>\n<meta property=\"og:type\" content=\"article\" \/>\n<meta property=\"og:title\" content=\"Privacy Policy - BATARUS - repair and maintenance of concrete and asphalt surfaces\" \/>\n<meta property=\"og:description\" content=\"\u00a7.1 Postanowienia Og\u00f3lne Administratorem danych jest BATARUS Sp. z o.o. z siedzib\u0105 pod adresem: ul. Wierzbi\u0119cice 44A\/42B, 61-568 Pozna\u0144, NIP PL 7831751959. Ochrona danych odbywa si\u0119 zgodnie z wymogami powszechnie obowi\u0105zuj\u0105cych przepis\u00f3w prawa, a ich przechowywanie ma miejsce na zabezpieczonych serwerach. Na potrzeby lepszego odbioru Polityki Prywatno\u015bci termin \u201eU\u017cytkownik\u201d zast\u0105piony zosta\u0142 okre\u015bleniem \u201eTy\u201d, \u00a0\u201eAdministrator\u201d \u2013 [&hellip;]\" \/>\n<meta property=\"og:url\" content=\"https:\/\/batarus.com.pl\/en\/privacy-policy\/\" \/>\n<meta property=\"og:site_name\" content=\"BATARUS - repair and maintenance of concrete and asphalt surfaces\" \/>\n<meta property=\"article:modified_time\" content=\"2020-05-12T13:09:11+00:00\" \/>\n<meta property=\"og:image\" content=\"https:\/\/batarus.com.pl\/wp-content\/uploads\/2022\/05\/fb-og.png\" \/>\n\t<meta property=\"og:image:width\" content=\"1500\" \/>\n\t<meta property=\"og:image:height\" content=\"782\" \/>\n\t<meta property=\"og:image:type\" content=\"image\/png\" \/>\n<meta name=\"twitter:card\" content=\"summary_large_image\" \/>\n<meta name=\"twitter:label1\" content=\"Est. reading time\" \/>\n\t<meta name=\"twitter:data1\" content=\"4 minutes\" \/>\n<script type=\"application\/ld+json\" class=\"yoast-schema-graph\">{\"@context\":\"https:\/\/schema.org\",\"@graph\":[{\"@type\":\"WebPage\",\"@id\":\"https:\/\/batarus.com.pl\/en\/privacy-policy\/\",\"url\":\"https:\/\/batarus.com.pl\/en\/privacy-policy\/\",\"name\":\"Privacy Policy - BATARUS - repair and maintenance of concrete and asphalt surfaces\",\"isPartOf\":{\"@id\":\"https:\/\/batarus.com.pl\/#website\"},\"datePublished\":\"2020-04-16T13:21:19+00:00\",\"dateModified\":\"2020-05-12T13:09:11+00:00\",\"breadcrumb\":{\"@id\":\"https:\/\/batarus.com.pl\/en\/privacy-policy\/#breadcrumb\"},\"inLanguage\":\"en-US\",\"potentialAction\":[{\"@type\":\"ReadAction\",\"target\":[\"https:\/\/batarus.com.pl\/en\/privacy-policy\/\"]}]},{\"@type\":\"BreadcrumbList\",\"@id\":\"https:\/\/batarus.com.pl\/en\/privacy-policy\/#breadcrumb\",\"itemListElement\":[{\"@type\":\"ListItem\",\"position\":1,\"name\":\"Strona g\u0142\u00f3wna\",\"item\":\"https:\/\/batarus.com.pl\/en\/\"},{\"@type\":\"ListItem\",\"position\":2,\"name\":\"Privacy Policy\"}]},{\"@type\":\"WebSite\",\"@id\":\"https:\/\/batarus.com.pl\/#website\",\"url\":\"https:\/\/batarus.com.pl\/\",\"name\":\"BATARUS - repair and maintenance of concrete and asphalt surfaces\",\"description\":\"\",\"publisher\":{\"@id\":\"https:\/\/batarus.com.pl\/#organization\"},\"potentialAction\":[{\"@type\":\"SearchAction\",\"target\":{\"@type\":\"EntryPoint\",\"urlTemplate\":\"https:\/\/batarus.com.pl\/?s={search_term_string}\"},\"query-input\":{\"@type\":\"PropertyValueSpecification\",\"valueRequired\":true,\"valueName\":\"search_term_string\"}}],\"inLanguage\":\"en-US\"},{\"@type\":\"Organization\",\"@id\":\"https:\/\/batarus.com.pl\/#organization\",\"name\":\"BATARUS Sp. z o.o.\",\"url\":\"https:\/\/batarus.com.pl\/\",\"logo\":{\"@type\":\"ImageObject\",\"inLanguage\":\"en-US\",\"@id\":\"https:\/\/batarus.com.pl\/#\/schema\/logo\/image\/\",\"url\":\"https:\/\/batarus.com.pl\/wp-content\/uploads\/2020\/04\/icon.png\",\"contentUrl\":\"https:\/\/batarus.com.pl\/wp-content\/uploads\/2020\/04\/icon.png\",\"width\":560,\"height\":560,\"caption\":\"BATARUS Sp. z o.o.\"},\"image\":{\"@id\":\"https:\/\/batarus.com.pl\/#\/schema\/logo\/image\/\"}}]}<\/script>\n<!-- \/ Yoast SEO plugin. -->","yoast_head_json":{"title":"Privacy Policy - BATARUS - repair and maintenance of concrete and asphalt surfaces","robots":{"index":"index","follow":"follow","max-snippet":"max-snippet:-1","max-image-preview":"max-image-preview:large","max-video-preview":"max-video-preview:-1"},"canonical":"https:\/\/batarus.com.pl\/en\/privacy-policy\/","og_locale":"en_US","og_type":"article","og_title":"Privacy Policy - BATARUS - repair and maintenance of concrete and asphalt surfaces","og_description":"\u00a7.1 Postanowienia Og\u00f3lne Administratorem danych jest BATARUS Sp. z o.o. z siedzib\u0105 pod adresem: ul. Wierzbi\u0119cice 44A\/42B, 61-568 Pozna\u0144, NIP PL 7831751959. Ochrona danych odbywa si\u0119 zgodnie z wymogami powszechnie obowi\u0105zuj\u0105cych przepis\u00f3w prawa, a ich przechowywanie ma miejsce na zabezpieczonych serwerach. Na potrzeby lepszego odbioru Polityki Prywatno\u015bci termin \u201eU\u017cytkownik\u201d zast\u0105piony zosta\u0142 okre\u015bleniem \u201eTy\u201d, \u00a0\u201eAdministrator\u201d \u2013 [&hellip;]","og_url":"https:\/\/batarus.com.pl\/en\/privacy-policy\/","og_site_name":"BATARUS - repair and maintenance of concrete and asphalt surfaces","article_modified_time":"2020-05-12T13:09:11+00:00","og_image":[{"width":1500,"height":782,"url":"https:\/\/batarus.com.pl\/wp-content\/uploads\/2022\/05\/fb-og.png","type":"image\/png"}],"twitter_card":"summary_large_image","twitter_misc":{"Est. reading time":"4 minutes"},"schema":{"@context":"https:\/\/schema.org","@graph":[{"@type":"WebPage","@id":"https:\/\/batarus.com.pl\/en\/privacy-policy\/","url":"https:\/\/batarus.com.pl\/en\/privacy-policy\/","name":"Privacy Policy - BATARUS - repair and maintenance of concrete and asphalt surfaces","isPartOf":{"@id":"https:\/\/batarus.com.pl\/#website"},"datePublished":"2020-04-16T13:21:19+00:00","dateModified":"2020-05-12T13:09:11+00:00","breadcrumb":{"@id":"https:\/\/batarus.com.pl\/en\/privacy-policy\/#breadcrumb"},"inLanguage":"en-US","potentialAction":[{"@type":"ReadAction","target":["https:\/\/batarus.com.pl\/en\/privacy-policy\/"]}]},{"@type":"BreadcrumbList","@id":"https:\/\/batarus.com.pl\/en\/privacy-policy\/#breadcrumb","itemListElement":[{"@type":"ListItem","position":1,"name":"Strona g\u0142\u00f3wna","item":"https:\/\/batarus.com.pl\/en\/"},{"@type":"ListItem","position":2,"name":"Privacy Policy"}]},{"@type":"WebSite","@id":"https:\/\/batarus.com.pl\/#website","url":"https:\/\/batarus.com.pl\/","name":"BATARUS - repair and maintenance of concrete and asphalt surfaces","description":"","publisher":{"@id":"https:\/\/batarus.com.pl\/#organization"},"potentialAction":[{"@type":"SearchAction","target":{"@type":"EntryPoint","urlTemplate":"https:\/\/batarus.com.pl\/?s={search_term_string}"},"query-input":{"@type":"PropertyValueSpecification","valueRequired":true,"valueName":"search_term_string"}}],"inLanguage":"en-US"},{"@type":"Organization","@id":"https:\/\/batarus.com.pl\/#organization","name":"BATARUS Sp. z o.o.","url":"https:\/\/batarus.com.pl\/","logo":{"@type":"ImageObject","inLanguage":"en-US","@id":"https:\/\/batarus.com.pl\/#\/schema\/logo\/image\/","url":"https:\/\/batarus.com.pl\/wp-content\/uploads\/2020\/04\/icon.png","contentUrl":"https:\/\/batarus.com.pl\/wp-content\/uploads\/2020\/04\/icon.png","width":560,"height":560,"caption":"BATARUS Sp. z o.o."},"image":{"@id":"https:\/\/batarus.com.pl\/#\/schema\/logo\/image\/"}}]}},"_links":{"self":[{"href":"https:\/\/batarus.com.pl\/en\/wp-json\/wp\/v2\/pages\/2675","targetHints":{"allow":["GET"]}}],"collection":[{"href":"https:\/\/batarus.com.pl\/en\/wp-json\/wp\/v2\/pages"}],"about":[{"href":"https:\/\/batarus.com.pl\/en\/wp-json\/wp\/v2\/types\/page"}],"author":[{"embeddable":true,"href":"https:\/\/batarus.com.pl\/en\/wp-json\/wp\/v2\/users\/1"}],"replies":[{"embeddable":true,"href":"https:\/\/batarus.com.pl\/en\/wp-json\/wp\/v2\/comments?post=2675"}],"version-history":[{"count":1,"href":"https:\/\/batarus.com.pl\/en\/wp-json\/wp\/v2\/pages\/2675\/revisions"}],"predecessor-version":[{"id":2676,"href":"https:\/\/batarus.com.pl\/en\/wp-json\/wp\/v2\/pages\/2675\/revisions\/2676"}],"wp:attachment":[{"href":"https:\/\/batarus.com.pl\/en\/wp-json\/wp\/v2\/media?parent=2675"}],"curies":[{"name":"wp","href":"https:\/\/api.w.org\/{rel}","templated":true}]}}